{"id":1113,"date":"2024-08-05T11:49:32","date_gmt":"2024-08-05T09:49:32","guid":{"rendered":"https:\/\/www.radiozeit.de\/nutzungsbedingungen\/"},"modified":"2025-09-04T10:20:12","modified_gmt":"2025-09-04T08:20:12","slug":"nutzungsbedingungen","status":"publish","type":"page","link":"https:\/\/www.radiozeit.de\/de\/nutzungsbedingungen\/","title":{"rendered":"Nutzungsbedingungen"},"content":{"rendered":"\n<h2 class=\"wp-block-heading\"><strong>Allgemeine Nutzungsbedingungen<\/strong><\/h2>\n\n<p>&#8222;Anbieter&#8220;, wie in den folgenden Bedingungen verwendet, bezieht sich auf die Radiozeit GmbH mit Sitz in der Voltastra\u00dfe 1, 14482 Potsdam-Babelsberg, Deutschland, eingetragen beim Amtsgericht Potsdam unter HRB 39606, und erreichbar per E-Mail unter office@radiozeit.de.<\/p>\n\n<p>Der Anbieter hat eine Datenbank entwickelt, die in erster Linie aus Verweisen (Hyperlinks) auf Audiostreams (als &#8222;Audioquellen&#8220; bezeichnet) und redaktionellen Inhalten besteht (zusammenfassend als &#8222;Datenbank&#8220; bezeichnet).\nDar\u00fcber hinaus hat der Anbieter eine Software mit einer Benutzeroberfl\u00e4che entwickelt, die den Zugriff auf diese Datenbank mit Hilfe von Suchfunktionen und grafischen Darstellungen erm\u00f6glicht und die Wiedergabe der Audioquellen auf dem Browser oder Endger\u00e4t des Benutzers erm\u00f6glicht (als &#8222;Radiozeit&#8220; bezeichnet). <\/p>\n\n<p>Die folgenden Bedingungen regeln ausschlie\u00dflich die kostenlose Nutzung von Radiozeit durch Nutzer (im Folgenden &#8222;Nutzer&#8220; genannt), mit Ausnahme von \u00a7 4.\nIn diesem Zusammenhang finanziert sich der Anbieter durch Einnahmen aus der vom Anbieter geschalteten Werbung (z.B. Display-Werbung und Audio-\/Video-Werbung vor und nach der Wiedergabe der Audioquellen). <\/p>\n\n<p>F\u00fcr kostenpflichtige Abonnementvertr\u00e4ge, die den Zugang zu Radiozeit ohne Werbung des Anbieters anbieten, gilt ebenfalls \u00a7 4 der nachfolgenden Bestimmungen.\nDa diese Abonnements nur \u00fcber In-App-K\u00e4ufe erworben werden k\u00f6nnen, gelten auch die Nutzungsbedingungen, Bedingungen und Datenschutzrichtlinien des jeweiligen App-Stores. <\/p>\n\n<p>Der Anbieter beh\u00e4lt sich das Recht vor, f\u00fcr registrierungspflichtige Dienste besondere Nutzungsbedingungen aufzustellen, die w\u00e4hrend des Registrierungsprozesses aufgenommen werden.<\/p>\n\n<h3 class=\"wp-block-heading\"><strong>\u00a7 1 Grundlagen der Radiozeitversorgung<\/strong><\/h3>\n\n<p>1. F\u00fcr die Nutzung von Radiozeit ist eine Standard-Internetverbindung erforderlich.\nF\u00fcr die Nutzung der Webanwendung ist ein aktueller Browser erforderlich; f\u00fcr die Nutzung der mobilen Anwendung (als &#8222;App&#8220; bezeichnet) ist ein kompatibles Mobilger\u00e4t mit der neuesten oder einer unterst\u00fctzten \u00e4lteren Version des Android- oder iOS-Betriebssystems erforderlich (siehe Support Center).\nDer Anbieter ist nicht verpflichtet, Betriebssysteme oder deren Versionen kontinuierlich zu unterst\u00fctzen.  <\/p>\n\n<p>2. Der Anbieter ist nicht verpflichtet, bestimmte Funktionalit\u00e4ten, Inhalte oder das Aussehen von Radiozeit anzubieten, sondern kann diese nach eigenem Ermessen \u00e4ndern und umgestalten.\nDer Anbieter kann die \u00fcber Radiozeit angebotenen Dienste \u00e4ndern, neue (kostenlose oder kostenpflichtige) Dienste einf\u00fchren und die Dienste jederzeit unter Ber\u00fccksichtigung der berechtigten Interessen der Nutzer einstellen. <\/p>\n\n<p>3. Die Nutzer haben keinen Anspruch auf die Nutzung einer bestimmten Version der Software.\nDer Provider ist bestrebt, die Software f\u00fcr alle Nutzer zu verbessern und zu erweitern und beh\u00e4lt sich das Recht vor, sie weiterzuentwickeln.\n\u00c4nderungen, Hinzuf\u00fcgungen und Entfernungen von Funktionalit\u00e4ten, Design\u00e4nderungen und andere Komponentenanpassungen des Front- und Back-Ends k\u00f6nnen nach dem Ermessen des Providers erfolgen.\nNutzer haben keinen Anspruch auf Aktualisierungen und k\u00f6nnen keine Rechte gegen den Provider f\u00fcr durchgef\u00fchrte Aktualisierungen geltend machen.\nDer Provider kann auch Software-Systeme aktualisieren, um aktuelle Sicherheitsanforderungen zu erf\u00fcllen.\nDiese Bestimmungen gelten in gleicher Weise f\u00fcr die Datenbank.     <\/p>\n\n<h3 class=\"wp-block-heading\"><strong>\u00a7 2 Zul\u00e4ssiger Umfang der Nutzung<\/strong><\/h3>\n\n<p>1. Nutzer d\u00fcrfen radiozeit.de f\u00fcr private Zwecke nutzen, um Audioquellen zu finden und abzuspielen.\nJede weitergehende Nutzung, insbesondere zu kommerziellen Zwecken oder zur Vervielf\u00e4ltigung, Verbreitung oder \u00f6ffentlichen Zug\u00e4nglichmachung, ist nicht gestattet. <\/p>\n\n<p>2. Die Nutzer sind f\u00fcr jede Nutzung von Audioquellen, die \u00fcber die private Wiedergabe hinausgeht, w\u00e4hrend der Nutzung von Radiozeit verantwortlich.<\/p>\n\n<p>3. Alle anderen Rechte an den Elementen, Inhalten, der Software, der Datenbank und den Audioquellen von Radiozeit sind vorbehalten und m\u00fcssen separat vom Anbieter oder den jeweiligen Rechteinhabern lizenziert werden.\nDazu geh\u00f6ren die lokale Speicherung, die Vervielf\u00e4ltigung, die Verbreitung, die \u00f6ffentliche Zug\u00e4nglichkeit, die Vervielf\u00e4ltigung und das Herunterladen (mit Ausnahme des Herunterladens von Podcast-Episoden f\u00fcr den privaten Gebrauch). <\/p>\n\n<h3 class=\"wp-block-heading\"><strong>\u00a7 3 Datenschutz<\/strong><\/h3>\n\n<p><br\/>Der Datenschutz wird durch die Datenschutzbestimmungen geregelt, in denen Art, Umfang und Zweck der Erhebung, Verarbeitung und Nutzung der personenbezogenen Daten der Nutzer festgelegt sind.\nDiese Bestimmungen sind auf der Website des Anbieters (Radiozeit) \u00fcber die Schaltfl\u00e4che &#8222;Datenschutz&#8220; jederzeit zug\u00e4nglich und ausdruckbar. <\/p>\n\n<h3 class=\"wp-block-heading\"><strong>\u00a7 4 In-App-Kauf eines Premium-Abonnements<\/strong><\/h3>\n\n<p>1. \u00dcber die App k\u00f6nnen Nutzer ein kostenpflichtiges Abonnement (als &#8222;Premium-Abonnement&#8220; bezeichnet) per In-App-Kauf erwerben.\nDieses Abonnement entfernt Display-\/Bannerwerbung und Audio- oder Videowerbung, die vom Anbieter vor, nach oder w\u00e4hrend der Wiedergabe von Audioquellen angezeigt wird.\nHinweis: Das Prime-Abonnement beseitigt nur die vom Anbieter geschaltete Werbung; die Audioquellen k\u00f6nnen weiterhin Werbung enthalten.  <\/p>\n\n<p>2. Premium-Abonnement-Vertr\u00e4ge, einschlie\u00dflich Zahlung und K\u00fcndigung, werden ausschlie\u00dflich \u00fcber den jeweiligen App-Store abgewickelt.\nDer Anbieter hat keine Kontrolle \u00fcber den Kauf- und Zahlungsvorgang oder die K\u00fcndigung. <\/p>\n\n<p>3. Die Laufzeit, die automatische Verl\u00e4ngerung, die K\u00fcndigungsm\u00f6glichkeiten und die K\u00fcndigungsfristen f\u00fcr Premium-Abonnements h\u00e4ngen von der gew\u00e4hlten Option ab und werden dem Nutzer vor Abschluss des Abonnements und danach im jeweiligen App Store angezeigt.\nDie Deinstallation der App f\u00fchrt nicht zur Beendigung des Premium-Abonnements, sondern nur die K\u00fcndigung.\nDas Recht, das Premium-Abonnement innerhalb der App zu nutzen, erlischt mit der wirksamen K\u00fcndigung.  <\/p>\n\n<p>4. Der Anbieter informiert die Nutzer \u00fcber ihr gesetzliches Recht auf Haftung f\u00fcr M\u00e4ngel an digitalen Produkten.<\/p>\n\n<p>5. Bei Fernabsatzgesch\u00e4ften steht dem Nutzer ein gesetzliches Widerrufsrecht zu.\nWenn dieses Recht nicht erloschen ist, muss es beim Betreiber des App-Stores ausge\u00fcbt werden, nicht beim Anbieter. <\/p>\n\n<h3 class=\"wp-block-heading\"><strong>\u00a7 5 Haftungsbeschr\u00e4nkung<\/strong><\/h3>\n\n<p>1. Der Anbieter vermittelt \u00fcber Radiozeit lediglich den Zugang zu Audioquellen und Websites Dritter und \u00fcbernimmt keine Haftung f\u00fcr die Inhalte Dritter.\nDie jeweiligen Anbieter sind allein f\u00fcr ihre Inhalte verantwortlich, einschlie\u00dflich etwaiger Verst\u00f6\u00dfe gegen das Urheberrecht, gewerbliche Schutzrechte, Pers\u00f6nlichkeitsrechte oder das Strafrecht. <\/p>\n\n<p>2. Schadensersatzanspr\u00fcche des Nutzers gegen den Anbieter sind ausgeschlossen, es sei denn, es handelt sich um Sch\u00e4den aus der Verletzung des Lebens, des K\u00f6rpers, der Gesundheit oder aus der Verletzung wesentlicher Vertragspflichten (Kardinalpflichten) oder um Sch\u00e4den, die auf einer vors\u00e4tzlichen oder grob fahrl\u00e4ssigen Pflichtverletzung des Anbieters, seiner Vertreter oder Erf\u00fcllungsgehilfen beruhen.\nWesentliche Vertragspflichten sind solche, die zur Erreichung des Vertragszwecks erforderlich sind und auf die der Nutzer regelm\u00e4\u00dfig vertrauen darf. <\/p>\n\n<p>3. Bei der Verletzung wesentlicher Vertragspflichten haftet der Anbieter nur f\u00fcr vorhersehbare, vertragstypische Sch\u00e4den, die durch einfache Fahrl\u00e4ssigkeit verursacht wurden, es sei denn, es handelt sich um Sch\u00e4den aus der Verletzung des Lebens, des K\u00f6rpers oder der Gesundheit.<\/p>\n\n<p>4. Die Einschr\u00e4nkungen aus den Abs\u00e4tzen 2 und 3 gelten nicht, wenn der Anbieter einen Mangel arglistig verschwiegen oder eine Garantie f\u00fcr die Beschaffenheit einer Sache \u00fcbernommen hat. Sie gelten auch nicht, wenn der Anbieter und der Nutzer sich \u00fcber die Qualit\u00e4t eines Artikels geeinigt haben. Die Bestimmungen des deutschen Produkthaftungsgesetzes bleiben davon unber\u00fchrt.<\/p>\n\n<p>5. Diese Einschr\u00e4nkungen gelten auch f\u00fcr die Vertreter und Beauftragten des Anbieters, wenn Anspr\u00fcche direkt gegen sie geltend gemacht werden.<\/p>\n\n<h3 class=\"wp-block-heading\"><strong>\u00a7 6 Schlussbestimmungen<\/strong><\/h3>\n\n<p>1. Vertr\u00e4ge zwischen dem Anbieter und den Nutzern werden in englischer oder deutscher Sprache geschlossen.<\/p>\n\n<p>2. Nutzer k\u00f6nnen die aktuelle Version dieser Nutzungsbedingungen unter https:\/\/www.radiozeit.de\/terms-of-use abrufen und speichern und sie in den App-Einstellungen unter &#8222;App-Informationen&#8220; einsehen. Der Provider speichert den spezifischen Vertragstext nicht.<\/p>\n\n<p>3. Auf Vertr\u00e4ge zwischen dem Anbieter und den Nutzern findet das Recht der Bundesrepublik Deutschland unter Ausschluss des UN-Kaufrechts Anwendung. Gesetzliche Bestimmungen \u00fcber Rechtswahlbeschr\u00e4nkungen und zwingende Bestimmungen, insbesondere solche des gew\u00f6hnlichen Aufenthalts des Nutzers, bleiben unber\u00fchrt.<\/p>\n\n<p>4. Die Europ\u00e4ische Kommission stellt eine Plattform zur Online-Streitbeilegung (ODR) f\u00fcr Verbraucher unter www.ec.europa.eu\/consumers\/odr bereit. Die E-Mail-Adresse des Providers lautet office@radiozeit.de. Der Anbieter ist nicht verpflichtet oder bereit, an Streitbeilegungsverfahren nach dem Verbraucherstreitbeilegungsgesetz (VSBG) teilzunehmen.<\/p>\n","protected":false},"excerpt":{"rendered":"<p>Allgemeine Nutzungsbedingungen &#8222;Anbieter&#8220;, wie in den folgenden Bedingungen verwendet, bezieht sich auf die Radiozeit GmbH mit Sitz in der Voltastra\u00dfe 1, 14482 Potsdam-Babelsberg, Deutschland, eingetragen beim Amtsgericht Potsdam unter HRB 39606, und erreichbar per E-Mail unter office@radiozeit.de. Der Anbieter hat &hellip; <a href=\"https:\/\/www.radiozeit.de\/de\/nutzungsbedingungen\/\">Read More<\/a><\/p>\n","protected":false},"author":1,"featured_media":0,"parent":0,"menu_order":13,"comment_status":"closed","ping_status":"closed","template":"","meta":{"footnotes":""},"class_list":["post-1113","page","type-page","status-publish","hentry"],"_links":{"self":[{"href":"https:\/\/www.radiozeit.de\/de\/wp-json\/wp\/v2\/pages\/1113","targetHints":{"allow":["GET"]}}],"collection":[{"href":"https:\/\/www.radiozeit.de\/de\/wp-json\/wp\/v2\/pages"}],"about":[{"href":"https:\/\/www.radiozeit.de\/de\/wp-json\/wp\/v2\/types\/page"}],"author":[{"embeddable":true,"href":"https:\/\/www.radiozeit.de\/de\/wp-json\/wp\/v2\/users\/1"}],"replies":[{"embeddable":true,"href":"https:\/\/www.radiozeit.de\/de\/wp-json\/wp\/v2\/comments?post=1113"}],"version-history":[{"count":2,"href":"https:\/\/www.radiozeit.de\/de\/wp-json\/wp\/v2\/pages\/1113\/revisions"}],"predecessor-version":[{"id":1117,"href":"https:\/\/www.radiozeit.de\/de\/wp-json\/wp\/v2\/pages\/1113\/revisions\/1117"}],"wp:attachment":[{"href":"https:\/\/www.radiozeit.de\/de\/wp-json\/wp\/v2\/media?parent=1113"}],"curies":[{"name":"wp","href":"https:\/\/api.w.org\/{rel}","templated":true}]}}